{"id":2448,"date":"2026-04-15T07:29:18","date_gmt":"2026-04-15T07:29:18","guid":{"rendered":"https:\/\/vimenorca.com\/vino-menorca-fest-2026\/"},"modified":"2026-04-15T16:01:42","modified_gmt":"2026-04-15T16:01:42","slug":"vi-menorca-fest-2026","status":"publish","type":"page","link":"https:\/\/vimenorca.com\/es\/vi-menorca-fest-2026\/","title":{"rendered":"Vi Menorca Fest 2026"},"content":{"rendered":"<style>.elementor-2448 .elementor-element.elementor-element-57e0291{--display:flex;--flex-direction:column;--container-widget-width:100%;--container-widget-height:initial;--container-widget-flex-grow:0;--container-widget-align-self:initial;--flex-wrap-mobile:wrap;}<\/style>\t\t<div data-elementor-type=\"wp-page\" data-elementor-id=\"2448\" class=\"elementor elementor-2448 elementor-2422\" data-elementor-post-type=\"page\">\n\t\t\t\t<div class=\"elementor-element elementor-element-57e0291 e-flex e-con-boxed e-con e-parent\" data-id=\"57e0291\" data-element_type=\"container\" data-e-type=\"container\">\n\t\t\t\t\t<div class=\"e-con-inner\">\n\t\t\t\t<div class=\"elementor-element elementor-element-6a905c3 elementor-widget elementor-widget-image\" data-id=\"6a905c3\" data-element_type=\"widget\" data-e-type=\"widget\" data-widget_type=\"image.default\">\n\t\t\t\t<div class=\"elementor-widget-container\">\n\t\t\t\t\t\t\t\t\t\t\t\t\t\t\t<img fetchpriority=\"high\" width=\"724\" height=\"1024\" src=\"https:\/\/vimenorca.com\/wp-content\/uploads\/2026\/04\/banner-menorca-vi-fest-724x1024.webp\" class=\"attachment-large size-large wp-image-2449\" alt=\"\" decoding=\"async\" srcset=\"https:\/\/vimenorca.com\/wp-content\/uploads\/2026\/04\/banner-menorca-vi-fest-724x1024.webp 724w, https:\/\/vimenorca.com\/wp-content\/uploads\/2026\/04\/banner-menorca-vi-fest-212x300.webp 212w, https:\/\/vimenorca.com\/wp-content\/uploads\/2026\/04\/banner-menorca-vi-fest-768x1086.webp 768w, https:\/\/vimenorca.com\/wp-content\/uploads\/2026\/04\/banner-menorca-vi-fest-1086x1536.webp 1086w, https:\/\/vimenorca.com\/wp-content\/uploads\/2026\/04\/banner-menorca-vi-fest-1448x2048.webp 1448w, https:\/\/vimenorca.com\/wp-content\/uploads\/2026\/04\/banner-menorca-vi-fest.webp 1600w\" sizes=\"(max-width: 724px) 100vw, 724px\" \/>\t\t\t\t\t\t\t\t\t\t\t\t\t\t\t<\/div>\n\t\t\t\t<\/div>\n\t\t\t\t<div class=\"elementor-element elementor-element-6195644 elementor-widget elementor-widget-text-editor\" data-id=\"6195644\" data-element_type=\"widget\" data-e-type=\"widget\" data-widget_type=\"text-editor.default\">\n\t\t\t\t<div class=\"elementor-widget-container\">\n\t\t\t\t\t\t\t\t\t<p>La <strong>Vi Menorca Fest<\/strong> nace con voluntad de convertirse en una iniciativa cultural y enogastron\u00f3mica en torno al sector vitivin\u00edcola de Menorca para poner en valor la calidad de su vino y como expresi\u00f3n de una tradici\u00f3n, un paisaje y un oficio arraigado en Menorca. Un nuevo evento impulsado conjuntamente por el <strong>Ayuntamiento de Ma\u00f3<\/strong> y la <strong>Asociaci\u00f3n de Productores de Vino de Menorca<\/strong> con el apoyo de la <strong>Consejer\u00eda de Agricultura del Gobierno Balear<\/strong> , <strong>el Departamento de Econom\u00eda del Consejo Insular de Menorca<\/strong> y la <strong>Fundaci\u00f3n Fomento del Turismo de Menorca.<\/strong> El objetivo es conectar a personas, territorio, cultura y vino para poner en valor la calidad de su vino y como expresi\u00f3n de una tradici\u00f3n, un paisaje y un oficio arraigado en Menorca. <\/p><p style=\"font-weight: 400;\"><strong>Tres d\u00edas de actividades<\/strong><\/p><p>La <strong>Vi Menorca Fest<\/strong> tendr\u00e1 lugar del <strong>30 de abril al 3 de mayo<\/strong> y se estructurar\u00e1 en tres jornadas diferentes que arrancar\u00e1n con una conferencia inaugural el jueves 30 de abril a las 19.00 horas, en la Sala de Audiencias del Claustro del Carmen de Ma\u00f3 y que ir\u00e1 a cargo de <strong>Catalina Bibiloni<\/strong> , una de las Baleares. Con una trayectoria vinculada a la divulgaci\u00f3n, la promoci\u00f3n del producto local y la construcci\u00f3n de relato en torno al territorio, Bibiloni aportar\u00e1 una mirada experta sobre el pasado, presente y futuro del vino de Menorca, as\u00ed como su papel como elemento cultural e identitario. <\/p><p>Sin embargo, el plato fuerte del festival llegar\u00e1 <strong>el s\u00e1bado, 2 de mayo<\/strong> desde las 12 del mediod\u00eda hasta las 11 de la noche, con una jornada en la que las plazas de Espa\u00f1a y del Carme de Ma\u00f3, se convertir\u00e1n en un recinto al aire libre, donde las <strong>doce bodegas<\/strong> que elaboran vino de Menorca, configurar\u00e1n un recorrido que invitar\u00e1 a los asistentes a productos. Las bodegas participantes ser\u00e1n <strong>Binifadet, Sa Cudia, Sa Forana, Binitord, Huerto de San Patricio, Sa Marjaleta, Torralbenc, Alba Menorca, Domaine Santa Catalina, Son Cremat, Morvedra y Alparico.<\/strong> <\/p><p>Ser\u00e1 en este espacio donde la <strong>Vi Menorca Fest<\/strong> desplegar\u00e1 su potencial con la celebraci\u00f3n de diversos talleres pensados \u200b\u200bpara todos los p\u00fablicos con propuestas que ir\u00e1n desde talleres de aromas para identificar los perfiles sensoriales del vino as\u00ed como catas a ciegas de vinos de la isla para aprender sus diferencias y caracter\u00edsticas particulares. Los talleres estar\u00e1n dirigidos del sumiller <strong>Marcel Roland<\/strong> y la t\u00e9cnica en viticultura, <strong>N\u00faria Fullana<\/strong> . Para los m\u00e1s peque\u00f1os tambi\u00e9n se habilitar\u00e1 una zona infantil con actividades pedag\u00f3gicas y creativas vinculadas al mundo de la vi\u00f1a dirigidas por <strong>Sa Xaranga<\/strong> , donde habr\u00e1 un cuentacuentos sobre el proceso de la elaboraci\u00f3n del vino y actividades manuales que permitir\u00e1n a los ni\u00f1os entender el ciclo de la vendimia y la elaboraci\u00f3n del vino mientras juegan. Adem\u00e1s, al atardecer habr\u00e1 tambi\u00e9n una zona de juegos de madera de <strong>CucuJocs.<\/strong>   <\/p><p><strong>M\u00fasica, arte y gastronom\u00eda durante toda la jornada<\/strong><\/p><p>El Vi Menorca Fest ofrecer\u00e1 tambi\u00e9n una programaci\u00f3n musical diversa y festiva que acompa\u00f1ar\u00e1 la jornada del s\u00e1bado y que combinar\u00e1 jazz, swing, soul, bolsa nueva y mucho m\u00e1s, con propuestas para todos los p\u00fablicos. El festival se abrir\u00e1 con el <strong>Menorca Hot Swing Trio<\/strong> , formado por Guillem Pons, Pablo Millas e Icar Toset, que ofrecer\u00e1 un repertorio de swing cl\u00e1sico con los grandes est\u00e1ndares del jazz, pensado tanto para el baile como para la escucha. Completando la propuesta, la Asociaci\u00f3n Talay\u00f3tico Swing Menorca crear\u00e1 un espacio de baile social con m\u00fasica en directo para acercar el Lindy Hop a todo el p\u00fablico de una forma abierta y participativa. A continuaci\u00f3n, la cantante <strong>Marta Santamar\u00eda<\/strong> presentar\u00e1 \u00abT\u00f3mate una copa conmigo\u00bb, un viaje sentimental que recorrer\u00e1 tango, bolero, jazz, soul, samba y copla, inspirado en su trayectoria por Sevilla, Brasil, Puerto Rico, M\u00e9xico y California.<br>Despu\u00e9s del almuerzo, ser\u00e1 el turno de <strong>DJ Bass Vi-Nyl<\/strong> con una sesi\u00f3n exclusiva en vinilo con temas cl\u00e1sicos de jazz, soul y bolsa nueva, una experiencia de maridaje musical con los mejores vinos de Menorca. La tarde-noche se completar\u00e1 con <strong>Anna Szostak Trio<\/strong> , con la cantante Anna Szostak, el contrabajista Luis Gener y el pianista Armando Lo Re, proponiendo un jazz vocal \u00edntimo y matizado, donde el swing, la bolsa nueva, el bolero y arreglos pop contempor\u00e1neos se fusionar\u00e1n en atm\u00f3sferas c\u00e0sticas. El festival musical se cerrar\u00e1 con el espect\u00e1culo <strong>Mamma Mia Sing Along<\/strong> , protagonizado por las cantantes Lore Arantzamendi, Adriana Aguilar, Julia Ortinez y Auba Villalonga, que interpretar\u00e1n los grandes \u00e9xitos de ABBA, invitando al p\u00fablico a cantar y disfrutar.     <\/p><p><strong>Arte y vino en directo<\/strong><\/p><p>El artista Kaori Ishihara tambi\u00e9n participar\u00e1 en la Vi Menorca Fest con una propuesta art\u00edstica singular, donde crear\u00e1 una obra de arte en directo utilizando el vino como material, combinando arte y territorio en una experiencia \u00fanica. Su intervenci\u00f3n tendr\u00e1 lugar el mismo s\u00e1bado 2 de mayo al anochecer. <\/p><p><strong>Participaci\u00f3n de una decena de restaurantes<\/strong><\/p><p>A nivel gastron\u00f3mico y durante todo el d\u00eda, la <strong>Vi Menorca Fest<\/strong> contar\u00e1 con la implicaci\u00f3n de la restauraci\u00f3n local, que ofrecer\u00e1 una propuesta pensada para complementar la experiencia donde varios restaurantes de la zona elaborar\u00e1n una serie de propuestas \u00e1giles, de calidad y f\u00e1ciles de consumir en un entorno callejero, con el objetivo de reforzar el v\u00ednculo entre vino y cocina menorquina. Los establecimientos participantes ser\u00e1n <strong>Bar Augustin, Mercado Femenias, Es Mirador, Sa Tienda, Amano Menorca, El Trueno, Bar Marcelino, Bar La Barra, Bar Es Claustre y Pasteler\u00eda La Mirienda.<\/strong> <\/p><p><strong>Jornada de puertas abiertas en las bodegas de Menorca<\/strong><\/p><p>Para cerrar el <strong>Wine Menorca Fest<\/strong> , al d\u00eda siguiente domingo 3 de mayo se ofrecer\u00e1 una jornada de puertas abiertas bajo reserva en varias bodegas de Menorca que se pueden visitar para que todas aquellas personas que est\u00e9n interesadas en redondear su experiencia, puedan acercarse y mantener un contacto m\u00e1s personal con sus elaboradores. Las bodegas que ofrecer\u00e1n puertas abiertas ser\u00e1n <strong>Binifadet, Binitord, Son Cremat, Huerto de Sant Patrici y Sa Forana.<\/strong> <\/p>\t\t\t\t\t\t\t\t<\/div>\n\t\t\t\t<\/div>\n\t\t\t\t\t<\/div>\n\t\t\t\t<\/div>\n\t\t\t\t<\/div>\n\t\t","protected":false},"excerpt":{"rendered":"<p>La Vi Menorca Fest nace con voluntad de convertirse en una iniciativa cultural y enogastron\u00f3mica en torno al sector vitivin\u00edcola de Menorca para poner en valor la calidad de su vino y como expresi\u00f3n de una tradici\u00f3n, un paisaje y un oficio arraigado en Menorca. Un nuevo evento impulsado conjuntamente por el Ayuntamiento de Ma\u00f3 [&hellip;]<\/p>\n","protected":false},"author":1,"featured_media":2449,"parent":0,"menu_order":0,"comment_status":"closed","ping_status":"closed","template":"","meta":{"site-sidebar-layout":"no-sidebar","site-content-layout":"page-builder","ast-site-content-layout":"full-width-container","site-content-style":"default","site-sidebar-style":"default","ast-global-header-display":"","ast-banner-title-visibility":"","ast-main-header-display":"","ast-hfb-above-header-display":"","ast-hfb-below-header-display":"","ast-hfb-mobile-header-display":"","site-post-title":"","ast-breadcrumbs-content":"","ast-featured-img":"disabled","footer-sml-layout":"","ast-disable-related-posts":"","theme-transparent-header-meta":"default","adv-header-id-meta":"","stick-header-meta":"","header-above-stick-meta":"","header-main-stick-meta":"","header-below-stick-meta":"","astra-migrate-meta-layouts":"default","ast-page-background-enabled":"default","ast-page-background-meta":{"desktop":{"background-color":"var(--ast-global-color-4)","background-image":"","background-repeat":"repeat","background-position":"center center","background-size":"auto","background-attachment":"scroll","background-type":"","background-media":"","overlay-type":"","overlay-color":"","overlay-opacity":"","overlay-gradient":""},"tablet":{"background-color":"","background-image":"","background-repeat":"repeat","background-position":"center center","background-size":"auto","background-attachment":"scroll","background-type":"","background-media":"","overlay-type":"","overlay-color":"","overlay-opacity":"","overlay-gradient":""},"mobile":{"background-color":"","background-image":"","background-repeat":"repeat","background-position":"center center","background-size":"auto","background-attachment":"scroll","background-type":"","background-media":"","overlay-type":"","overlay-color":"","overlay-opacity":"","overlay-gradient":""}},"ast-content-background-meta":{"desktop":{"background-color":"var(--ast-global-color-5)","background-image":"","background-repeat":"repeat","background-position":"center center","background-size":"auto","background-attachment":"scroll","background-type":"","background-media":"","overlay-type":"","overlay-color":"","overlay-opacity":"","overlay-gradient":""},"tablet":{"background-color":"var(--ast-global-color-5)","background-image":"","background-repeat":"repeat","background-position":"center center","background-size":"auto","background-attachment":"scroll","background-type":"","background-media":"","overlay-type":"","overlay-color":"","overlay-opacity":"","overlay-gradient":""},"mobile":{"background-color":"var(--ast-global-color-5)","background-image":"","background-repeat":"repeat","background-position":"center center","background-size":"auto","background-attachment":"scroll","background-type":"","background-media":"","overlay-type":"","overlay-color":"","overlay-opacity":"","overlay-gradient":""}},"footnotes":""},"class_list":["post-2448","page","type-page","status-publish","has-post-thumbnail","hentry"],"_links":{"self":[{"href":"https:\/\/vimenorca.com\/es\/wp-json\/wp\/v2\/pages\/2448","targetHints":{"allow":["GET"]}}],"collection":[{"href":"https:\/\/vimenorca.com\/es\/wp-json\/wp\/v2\/pages"}],"about":[{"href":"https:\/\/vimenorca.com\/es\/wp-json\/wp\/v2\/types\/page"}],"author":[{"embeddable":true,"href":"https:\/\/vimenorca.com\/es\/wp-json\/wp\/v2\/users\/1"}],"replies":[{"embeddable":true,"href":"https:\/\/vimenorca.com\/es\/wp-json\/wp\/v2\/comments?post=2448"}],"version-history":[{"count":3,"href":"https:\/\/vimenorca.com\/es\/wp-json\/wp\/v2\/pages\/2448\/revisions"}],"predecessor-version":[{"id":2457,"href":"https:\/\/vimenorca.com\/es\/wp-json\/wp\/v2\/pages\/2448\/revisions\/2457"}],"wp:featuredmedia":[{"embeddable":true,"href":"https:\/\/vimenorca.com\/es\/wp-json\/wp\/v2\/media\/2449"}],"wp:attachment":[{"href":"https:\/\/vimenorca.com\/es\/wp-json\/wp\/v2\/media?parent=2448"}],"curies":[{"name":"wp","href":"https:\/\/api.w.org\/{rel}","templated":true}]}}